{"id":119,"date":"2016-02-18T19:17:36","date_gmt":"2016-02-18T18:17:36","guid":{"rendered":"http:\/\/berlinfueralle.org\/?page_id=119"},"modified":"2016-02-24T18:04:59","modified_gmt":"2016-02-24T17:04:59","slug":"tum-berlin","status":"publish","type":"page","link":"https:\/\/berlinfueralle.org\/index.php\/tum-berlin\/","title":{"rendered":"Berlin herkesindir!"},"content":{"rendered":"<p>250 eylemci Prenlauerberg\u00e2\u20ac\u2122teki (Haus der Demokratie und Menschenrechte) Demokrasi ve Insan Haklar\u00c4\u00b1 Evi\u00e2\u20ac\u2122nde bulu\u00c5\u0178up sosyal bir ittifak kurmaya karar verdi. Neoliberal \u00c5\u0178ehir ve sosyal politikalar\u00c4\u00b1na yeter dedik. Altyap\u00c4\u00b1 ve idareye gereken \u00c3\u00b6nem verilmiyor, prestijli projelere gere\u00c4\u0178inden fazla para harcan\u00c4\u00b1yor ve \u00c5\u0178ehrin yoksullar\u00c4\u00b1 birbirlerine d\u00c3\u00bc\u00c5\u0178\u00c3\u00bcr\u00c3\u00bcl\u00c3\u00bcyor.<br \/>\nVarolan kaynaklar \u00c5\u0178u an birbirleriyle kom\u00c5\u0178u olup e\u00c5\u0178it haklara sahip olan Berlin\u00e2\u20ac\u2122in yerlilerine ve Berlin\u00e2\u20ac\u2122e yeni gelenlere, insanlar\u00c4\u00b1n k\u00c3\u00b6kenlerine bak\u00c4\u00b1lmaks\u00c4\u00b1z\u00c4\u00b1n, geldikleri yerler neresi olursa olsun hepimize yetiyor.<br \/>\nHepimizin burada \u00c5\u0178iddetten ve ayr\u00c4\u00b1mc\u00c4\u00b1l\u00c4\u00b1ktan uzak ya\u00c5\u0178amaya, b\u00c3\u00bct\u00c3\u00a7elerimize uygun olan sosyal konutlarda ya\u00c5\u0178amaya hakk\u00c4\u00b1m\u00c4\u00b1z ve iyi bir e\u00c4\u0178itime, yeterince nitelikli kre\u00c5\u0178lere ve insandan yana sosyal sa\u00c4\u0178l\u00c4\u00b1k politikalar\u00c4\u00b1na eri\u00c5\u0178ime ihtiyac\u00c4\u00b1m\u00c4\u00b1z var. Bu y\u00c3\u00bczden gelecek aylarda yeni ve eski kom\u00c5\u0178ularla beraber hep birlikte m\u00c3\u00bccadale edece\u00c4\u0178iz.<br \/>\nBizlerin taleplerini ve m\u00c3\u00bccadelelerini marjinal olarak yans\u00c4\u00b1tmaya \u00c3\u00a7al\u00c4\u00b1\u00c5\u0178an, toplumun \u00c3\u00a7ok az bir k\u00c4\u00b1sm\u00c4\u00b1n\u00c4\u00b1n, toplumun elitlerinin ve onlar\u00c4\u00b1n politikadaki temsilcilerinin bizlerin yan\u00c4\u00b1nda olmad\u00c4\u00b1klar\u00c4\u00b1n\u00c4\u00b1 unutmamal\u00c4\u00b1y\u00c4\u00b1z.<br \/>\nBerlin\u00e2\u20ac\u2122in eyalet h\u00c3\u00bck\u00c3\u00bcmeti hepimizin birlikte nas\u00c4\u00b1l ya\u00c5\u0178amak istedi\u00c4\u0178ine bizlerin karar verece\u00c4\u0178i bir demokrasi ortam\u00c4\u00b1 yaratmak zorundad\u00c4\u00b1r.<br \/>\nBug\u00c3\u00bcn Berlin i\u00c3\u00a7in g\u00c3\u00bczel bir g\u00c3\u00bcn, \u00c3\u00a7\u00c3\u00bcnk\u00c3\u00bc bug\u00c3\u00bcnden itibaren Berlin\u00e2\u20ac\u2122de h\u00c3\u00bck\u00c3\u00bcm s\u00c3\u00bcren egemen politikay\u00c4\u00b1 zor g\u00c3\u00bcnler bekliyor, \u00c3\u00a7\u00c3\u00bcnk\u00c3\u00bc bug\u00c3\u00bcnden itibaren Berlin\u00e2\u20ac\u2122deki b\u00c3\u00bct\u00c3\u00bcn ortamlarda bizim bildirilerimiz g\u00c3\u00b6r\u00c3\u00bcn\u00c3\u00bcr olacak.<br \/>\nDayan\u00c4\u00b1\u00c5\u0178ma olmaks\u00c4\u00b1z\u00c4\u00b1n ne ya\u00c5\u0178ayabiliriz ne de ya\u00c5\u0178amak istiyoruz. Haklar\u00c4\u00b1m\u00c4\u00b1z i\u00c3\u00a7in ortakla\u00c5\u0178a m\u00c3\u00bccadele ediyoruz ve bizim i\u00c3\u00a7in kimin hangi \u00c3\u00bclke vatand\u00c4\u00b1\u00c5\u0178\u00c4\u00b1n\u00c4\u00b1n pasaportunu ta\u00c5\u0178\u00c4\u00b1d\u00c4\u00b1\u00c4\u0178\u00c4\u00b1n\u00c4\u00b1n hi\u00c3\u00a7 bir \u00c3\u00b6nemi yok. Bizler i\u00c3\u00a7in hayat u\u00c4\u0178runda m\u00c3\u00bccadele edecek kadar de\u00c4\u0178erli ve g\u00c3\u00bczel. Berlin herkesindir!<\/p>\n","protected":false},"excerpt":{"rendered":"<p>250 eylemci Prenlauerberg\u00e2\u20ac\u2122teki (Haus der Demokratie und Menschenrechte) Demokrasi ve Insan Haklar\u00c4\u00b1 Evi\u00e2\u20ac\u2122nde bulu\u00c5\u0178up sosyal bir ittifak kurmaya karar verdi. Neoliberal \u00c5\u0178ehir ve sosyal politikalar\u00c4\u00b1na yeter dedik. Altyap\u00c4\u00b1 ve idareye gereken \u00c3\u00b6nem verilmiyor, prestijli projelere gere\u00c4\u0178inden fazla para harcan\u00c4\u00b1yor ve &hellip; <a href=\"https:\/\/berlinfueralle.org\/index.php\/tum-berlin\/\">Continue reading <span class=\"meta-nav\">&rarr;<\/span><\/a><\/p>\n","protected":false},"author":2,"featured_media":0,"parent":0,"menu_order":0,"comment_status":"closed","ping_status":"closed","template":"","meta":{"footnotes":""},"class_list":["post-119","page","type-page","status-publish","hentry"],"_links":{"self":[{"href":"https:\/\/berlinfueralle.org\/index.php\/wp-json\/wp\/v2\/pages\/119"}],"collection":[{"href":"https:\/\/berlinfueralle.org\/index.php\/wp-json\/wp\/v2\/pages"}],"about":[{"href":"https:\/\/berlinfueralle.org\/index.php\/wp-json\/wp\/v2\/types\/page"}],"author":[{"embeddable":true,"href":"https:\/\/berlinfueralle.org\/index.php\/wp-json\/wp\/v2\/users\/2"}],"replies":[{"embeddable":true,"href":"https:\/\/berlinfueralle.org\/index.php\/wp-json\/wp\/v2\/comments?post=119"}],"version-history":[{"count":4,"href":"https:\/\/berlinfueralle.org\/index.php\/wp-json\/wp\/v2\/pages\/119\/revisions"}],"predecessor-version":[{"id":140,"href":"https:\/\/berlinfueralle.org\/index.php\/wp-json\/wp\/v2\/pages\/119\/revisions\/140"}],"wp:attachment":[{"href":"https:\/\/berlinfueralle.org\/index.php\/wp-json\/wp\/v2\/media?parent=119"}],"curies":[{"name":"wp","href":"https:\/\/api.w.org\/{rel}","templated":true}]}}