{"id":123,"date":"2016-02-18T19:21:24","date_gmt":"2016-02-18T18:21:24","guid":{"rendered":"http:\/\/berlinfueralle.org\/?page_id=123"},"modified":"2016-02-18T19:21:24","modified_gmt":"2016-02-18T18:21:24","slug":"%d8%a8%d8%b1%d9%84%db%8c%d9%86-%d8%a8%d8%b1%d8%a7%db%8c-%d9%87%d9%85%d9%87","status":"publish","type":"page","link":"https:\/\/berlinfueralle.org\/index.php\/%d8%a8%d8%b1%d9%84%db%8c%d9%86-%d8%a8%d8%b1%d8%a7%db%8c-%d9%87%d9%85%d9%87\/","title":{"rendered":"\u00d8\u00a8\u00d8\u00b1\u00d9\u201e\u00db\u0152\u00d9\u2020 \u00d8\u00a8\u00d8\u00b1\u00d8\u00a7\u00db\u0152 \u00d9\u2021\u00d9\u2026\u00d9\u2021"},"content":{"rendered":"<p>&#8230;<\/p>\n","protected":false},"excerpt":{"rendered":"<p>&#8230;<\/p>\n","protected":false},"author":2,"featured_media":0,"parent":0,"menu_order":0,"comment_status":"closed","ping_status":"closed","template":"","meta":{"footnotes":""},"class_list":["post-123","page","type-page","status-publish","hentry"],"_links":{"self":[{"href":"https:\/\/berlinfueralle.org\/index.php\/wp-json\/wp\/v2\/pages\/123"}],"collection":[{"href":"https:\/\/berlinfueralle.org\/index.php\/wp-json\/wp\/v2\/pages"}],"about":[{"href":"https:\/\/berlinfueralle.org\/index.php\/wp-json\/wp\/v2\/types\/page"}],"author":[{"embeddable":true,"href":"https:\/\/berlinfueralle.org\/index.php\/wp-json\/wp\/v2\/users\/2"}],"replies":[{"embeddable":true,"href":"https:\/\/berlinfueralle.org\/index.php\/wp-json\/wp\/v2\/comments?post=123"}],"version-history":[{"count":1,"href":"https:\/\/berlinfueralle.org\/index.php\/wp-json\/wp\/v2\/pages\/123\/revisions"}],"predecessor-version":[{"id":126,"href":"https:\/\/berlinfueralle.org\/index.php\/wp-json\/wp\/v2\/pages\/123\/revisions\/126"}],"wp:attachment":[{"href":"https:\/\/berlinfueralle.org\/index.php\/wp-json\/wp\/v2\/media?parent=123"}],"curies":[{"name":"wp","href":"https:\/\/api.w.org\/{rel}","templated":true}]}}