{"id":88,"date":"2016-02-18T18:29:46","date_gmt":"2016-02-18T17:29:46","guid":{"rendered":"http:\/\/berlinfueralle.org\/?page_id=88"},"modified":"2016-02-18T18:29:46","modified_gmt":"2016-02-18T17:29:46","slug":"%d8%a7%d9%84%d8%b9%d8%b1%d8%a8%d9%8a%d8%a9","status":"publish","type":"page","link":"https:\/\/berlinfueralle.org\/index.php\/%d8%a7%d9%84%d8%b9%d8%b1%d8%a8%d9%8a%d8%a9\/","title":{"rendered":"\u00d8\u00a7\u00d9\u201e\u00d8\u00b9\u00d8\u00b1\u00d8\u00a8\u00d9\u0160\u00d8\u00a9"},"content":{"rendered":"<p>&#8230;<\/p>\n","protected":false},"excerpt":{"rendered":"<p>&#8230;<\/p>\n","protected":false},"author":2,"featured_media":0,"parent":0,"menu_order":0,"comment_status":"closed","ping_status":"closed","template":"","meta":{"footnotes":""},"class_list":["post-88","page","type-page","status-publish","hentry"],"_links":{"self":[{"href":"https:\/\/berlinfueralle.org\/index.php\/wp-json\/wp\/v2\/pages\/88"}],"collection":[{"href":"https:\/\/berlinfueralle.org\/index.php\/wp-json\/wp\/v2\/pages"}],"about":[{"href":"https:\/\/berlinfueralle.org\/index.php\/wp-json\/wp\/v2\/types\/page"}],"author":[{"embeddable":true,"href":"https:\/\/berlinfueralle.org\/index.php\/wp-json\/wp\/v2\/users\/2"}],"replies":[{"embeddable":true,"href":"https:\/\/berlinfueralle.org\/index.php\/wp-json\/wp\/v2\/comments?post=88"}],"version-history":[{"count":1,"href":"https:\/\/berlinfueralle.org\/index.php\/wp-json\/wp\/v2\/pages\/88\/revisions"}],"predecessor-version":[{"id":91,"href":"https:\/\/berlinfueralle.org\/index.php\/wp-json\/wp\/v2\/pages\/88\/revisions\/91"}],"wp:attachment":[{"href":"https:\/\/berlinfueralle.org\/index.php\/wp-json\/wp\/v2\/media?parent=88"}],"curies":[{"name":"wp","href":"https:\/\/api.w.org\/{rel}","templated":true}]}}